{"id":51,"date":"2023-09-02T09:33:12","date_gmt":"2023-09-02T09:33:12","guid":{"rendered":"https:\/\/konfettifaeger.ch\/?page_id=51"},"modified":"2024-09-28T12:40:00","modified_gmt":"2024-09-28T12:40:00","slug":"impressum","status":"publish","type":"page","link":"https:\/\/konfettifaeger.ch\/?page_id=51","title":{"rendered":"Impressum"},"content":{"rendered":"\n<p>Verantwortlich f\u00fcr Inhalt, Konzeption &amp; Realisierung des Onlineportals:<br><br><strong>Guggenmusik Konfettif\u00e4ger<\/strong><br>9536 Schwarzenbach<br>Schweiz<\/p>\n\n\n\n<h2 class=\"wp-block-heading\">Gew\u00e4hrleistung<\/h2>\n\n\n\n<p>Wir bem\u00fchen uns um m\u00f6glichst korrekte und aktuelle Information. Die Inhalte wurden sorgf\u00e4ltig erarbeitet.&nbsp;Trotzdem k\u00f6nnen Fehler auftreten. Autoren und Herausgeber \u00fcbernehmen&nbsp;keine Gew\u00e4hr und Haftung f\u00fcr die Richtigkeit, Zuverl\u00e4ssigkeit, Vollst\u00e4ndigkeit und Aktualit\u00e4t der Information. Die Verwendung der Website und der darin enthaltenen Informationen erfolgt auf eigene Gefahr. \u00c4nderungen k\u00f6nnen jederzeit vorgenommen werden.<\/p>\n","protected":false},"excerpt":{"rendered":"<p>Verantwortlich f\u00fcr Inhalt, Konzeption &amp; Realisierung des Onlineportals: Guggenmusik Konfettif\u00e4ger9536 SchwarzenbachSchweiz Gew\u00e4hrleistung Wir bem\u00fchen uns um m\u00f6glichst korrekte und aktuelle Information. Die Inhalte wurden sorgf\u00e4ltig erarbeitet.&nbsp;Trotzdem k\u00f6nnen Fehler auftreten. Autoren und Herausgeber \u00fcbernehmen&nbsp;keine Gew\u00e4hr und Haftung f\u00fcr die Richtigkeit, Zuverl\u00e4ssigkeit, Vollst\u00e4ndigkeit und Aktualit\u00e4t der Information. Die Verwendung der Website und der darin enthaltenen Informationen erfolgt [&hellip;]<\/p>\n","protected":false},"author":1,"featured_media":0,"parent":0,"menu_order":0,"comment_status":"closed","ping_status":"closed","template":"","meta":{"pgc_sgb_lightbox_settings":"","footnotes":""},"class_list":["post-51","page","type-page","status-publish","hentry"],"_links":{"self":[{"href":"https:\/\/konfettifaeger.ch\/index.php?rest_route=\/wp\/v2\/pages\/51","targetHints":{"allow":["GET"]}}],"collection":[{"href":"https:\/\/konfettifaeger.ch\/index.php?rest_route=\/wp\/v2\/pages"}],"about":[{"href":"https:\/\/konfettifaeger.ch\/index.php?rest_route=\/wp\/v2\/types\/page"}],"author":[{"embeddable":true,"href":"https:\/\/konfettifaeger.ch\/index.php?rest_route=\/wp\/v2\/users\/1"}],"replies":[{"embeddable":true,"href":"https:\/\/konfettifaeger.ch\/index.php?rest_route=%2Fwp%2Fv2%2Fcomments&post=51"}],"version-history":[{"count":7,"href":"https:\/\/konfettifaeger.ch\/index.php?rest_route=\/wp\/v2\/pages\/51\/revisions"}],"predecessor-version":[{"id":1902,"href":"https:\/\/konfettifaeger.ch\/index.php?rest_route=\/wp\/v2\/pages\/51\/revisions\/1902"}],"wp:attachment":[{"href":"https:\/\/konfettifaeger.ch\/index.php?rest_route=%2Fwp%2Fv2%2Fmedia&parent=51"}],"curies":[{"name":"wp","href":"https:\/\/api.w.org\/{rel}","templated":true}]}}