{"id":1985,"date":"2025-01-09T08:36:24","date_gmt":"2025-01-09T08:36:24","guid":{"rendered":"https:\/\/konfettifaeger.ch\/?page_id=1985"},"modified":"2025-01-09T08:44:19","modified_gmt":"2025-01-09T08:44:19","slug":"beitraege","status":"publish","type":"page","link":"https:\/\/konfettifaeger.ch\/?page_id=1985","title":{"rendered":"Beitr\u00e4ge"},"content":{"rendered":"\n<div class=\"wp-block-query alignfull is-layout-flow wp-block-query-is-layout-flow\">\n<div class=\"wp-block-group alignfull has-one-color has-text-color is-layout-flow wp-block-group-is-layout-flow\" style=\"padding-top:0;padding-right:var(--wp--preset--spacing--40);padding-bottom:0;padding-left:var(--wp--preset--spacing--40)\"><ul style=\"text-transform:none;\" class=\"wp-block-post-template is-layout-flow wp-block-post-template-is-layout-flow\"><li class=\"wp-block-post post-2721 post type-post status-publish format-standard hentry category-uncategorized\">\n\n<div class=\"wp-block-group has-two-background-color has-background is-content-justification-left is-layout-constrained wp-container-core-group-is-layout-d135f6ce wp-block-group-is-layout-constrained\" style=\"margin-top:var(--wp--preset--spacing--40);margin-bottom:var(--wp--preset--spacing--40);padding-top:0;padding-right:0;padding-bottom:0;padding-left:0\">\n<div class=\"wp-block-group is-vertical is-layout-flex wp-container-core-group-is-layout-c9d65fe9 wp-block-group-is-layout-flex\" style=\"margin-top:0;padding-top:var(--wp--preset--spacing--60);padding-right:var(--wp--preset--spacing--50);padding-bottom:var(--wp--preset--spacing--50);padding-left:var(--wp--preset--spacing--50)\"><div style=\"font-size:clamp(0.875rem, 0.875rem + ((1vw - 0.2rem) * 0.015), 0.9rem);letter-spacing:1px; margin-top:0;margin-right:0;margin-bottom:0;margin-left:0;\" class=\"has-text-align-left has-link-color wp-elements-5599b62b56904c5408ce764ba1a18b73 wp-block-post-date has-text-color has-contrast-color\"><time datetime=\"2025-12-31T17:30:12+00:00\">12\/31\/2025<\/time><\/div>\n\n\n<div class=\"wp-block-group is-layout-constrained wp-block-group-is-layout-constrained\" style=\"margin-top:0;margin-bottom:0\"><h2 style=\"font-size:clamp(2.46rem, 2.46rem + ((1vw - 0.2rem) * 1.278), 4.6rem);font-style:normal;font-weight:600;line-height:1;\" class=\"has-link-color wp-elements-6c63676d444148112043a3d23d59cf70 wp-block-post-title has-text-color has-contrast-color\"><a href=\"https:\/\/konfettifaeger.ch\/?p=2721\" target=\"_self\" >Probesamstig &#8211; jetzt wirds ernst<\/a><\/h2>\n\n<div style=\"line-height:1.7;\" class=\"has-link-color wp-elements-fd7a26a9b69ac5093edbd7d3a622f582 wp-block-post-excerpt has-small-font-size\"><p class=\"wp-block-post-excerpt__excerpt\">Am Samstag haben sich alle Konfettif\u00e4ger versammelt um den allj\u00e4hrlichen Probeamstag vor dem N\u00e4scht durchzuf\u00fchren. Zuerst durften die Bl\u00e4ser an Ihre Instrumente und sich einw\u00e4rmen, bevor es dann f\u00fcr alle losging. Als erstes wurde das B\u00fchnenprogramm in der dementsprechenden Aufstellung durchgenommen- Unsere neusten Lieder, Fear Of The Dark und Sound Of Silence, sind klingen nun<\/p><p class=\"wp-block-post-excerpt__more-text\"><a class=\"wp-block-post-excerpt__more-link\" href=\"https:\/\/konfettifaeger.ch\/?p=2721\">weiterlesen<\/a><\/p><\/div><\/div>\n<\/div>\n<\/div>\n\n<\/li><li class=\"wp-block-post post-2576 post type-post status-publish format-standard hentry category-uncategorized\">\n\n<div class=\"wp-block-group has-two-background-color has-background is-content-justification-left is-layout-constrained wp-container-core-group-is-layout-d135f6ce wp-block-group-is-layout-constrained\" style=\"margin-top:var(--wp--preset--spacing--40);margin-bottom:var(--wp--preset--spacing--40);padding-top:0;padding-right:0;padding-bottom:0;padding-left:0\">\n<div class=\"wp-block-group is-vertical is-layout-flex wp-container-core-group-is-layout-c9d65fe9 wp-block-group-is-layout-flex\" style=\"margin-top:0;padding-top:var(--wp--preset--spacing--60);padding-right:var(--wp--preset--spacing--50);padding-bottom:var(--wp--preset--spacing--50);padding-left:var(--wp--preset--spacing--50)\"><div style=\"font-size:clamp(0.875rem, 0.875rem + ((1vw - 0.2rem) * 0.015), 0.9rem);letter-spacing:1px; margin-top:0;margin-right:0;margin-bottom:0;margin-left:0;\" class=\"has-text-align-left has-link-color wp-elements-5599b62b56904c5408ce764ba1a18b73 wp-block-post-date has-text-color has-contrast-color\"><time datetime=\"2025-12-07T17:08:59+00:00\">12\/7\/2025<\/time><\/div>\n\n\n<div class=\"wp-block-group is-layout-constrained wp-block-group-is-layout-constrained\" style=\"margin-top:0;margin-bottom:0\"><h2 style=\"font-size:clamp(2.46rem, 2.46rem + ((1vw - 0.2rem) * 1.278), 4.6rem);font-style:normal;font-weight:600;line-height:1;\" class=\"has-link-color wp-elements-6c63676d444148112043a3d23d59cf70 wp-block-post-title has-text-color has-contrast-color\"><a href=\"https:\/\/konfettifaeger.ch\/?p=2576\" target=\"_self\" >Chlausgulasch mit Handstand<\/a><\/h2>\n\n<div style=\"line-height:1.7;\" class=\"has-link-color wp-elements-fd7a26a9b69ac5093edbd7d3a622f582 wp-block-post-excerpt has-small-font-size\"><p class=\"wp-block-post-excerpt__excerpt\">Es ist eine Konfettif\u00e4gertradition, dass die beiden Gugger mit den meisten Absenzen den Chlaush\u00f6ck organisieren. Das diesj\u00e4hrige ChlausOK ist diesbez\u00fcglich&#8230;. sagen wir mal&#8230;. ein erfahrenes Team. Die Beiden haben sich richtig ins Zeug gelegt und einen grossen Topf Gulasch auf dem Feuer gezaubert. Den ganzen Nachmittag haben sie gefeuert, geschnippelt, ger\u00fchrt, probiert, das eine oder<\/p><p class=\"wp-block-post-excerpt__more-text\"><a class=\"wp-block-post-excerpt__more-link\" href=\"https:\/\/konfettifaeger.ch\/?p=2576\">weiterlesen<\/a><\/p><\/div><\/div>\n<\/div>\n<\/div>\n\n<\/li><li class=\"wp-block-post post-2548 post type-post status-publish format-standard hentry category-uncategorized\">\n\n<div class=\"wp-block-group has-two-background-color has-background is-content-justification-left is-layout-constrained wp-container-core-group-is-layout-d135f6ce wp-block-group-is-layout-constrained\" style=\"margin-top:var(--wp--preset--spacing--40);margin-bottom:var(--wp--preset--spacing--40);padding-top:0;padding-right:0;padding-bottom:0;padding-left:0\">\n<div class=\"wp-block-group is-vertical is-layout-flex wp-container-core-group-is-layout-c9d65fe9 wp-block-group-is-layout-flex\" style=\"margin-top:0;padding-top:var(--wp--preset--spacing--60);padding-right:var(--wp--preset--spacing--50);padding-bottom:var(--wp--preset--spacing--50);padding-left:var(--wp--preset--spacing--50)\"><div style=\"font-size:clamp(0.875rem, 0.875rem + ((1vw - 0.2rem) * 0.015), 0.9rem);letter-spacing:1px; margin-top:0;margin-right:0;margin-bottom:0;margin-left:0;\" class=\"has-text-align-left has-link-color wp-elements-5599b62b56904c5408ce764ba1a18b73 wp-block-post-date has-text-color has-contrast-color\"><time datetime=\"2025-11-09T07:34:12+00:00\">11\/9\/2025<\/time><\/div>\n\n\n<div class=\"wp-block-group is-layout-constrained wp-block-group-is-layout-constrained\" style=\"margin-top:0;margin-bottom:0\"><h2 style=\"font-size:clamp(2.46rem, 2.46rem + ((1vw - 0.2rem) * 1.278), 4.6rem);font-style:normal;font-weight:600;line-height:1;\" class=\"has-link-color wp-elements-6c63676d444148112043a3d23d59cf70 wp-block-post-title has-text-color has-contrast-color\"><a href=\"https:\/\/konfettifaeger.ch\/?p=2548\" target=\"_self\" >Eine undurchsichtige Sache<\/a><\/h2>\n\n<div style=\"line-height:1.7;\" class=\"has-link-color wp-elements-fd7a26a9b69ac5093edbd7d3a622f582 wp-block-post-excerpt has-small-font-size\"><p class=\"wp-block-post-excerpt__excerpt\">November, es ist Zeit das Einge\u00fcbte am Probewochenende zu vertiefen. Wir machen uns auf den Weg ins tiefste Thurgau, wo die Nebelschwaden sich nicht lichten, wo vieles unklar und undurchsichtig bleibt. Der Lagerhausschl\u00fcssel, er bleibt verborgen. &#8218;Die H\u00fcttenwartin ist steckengeblieben und versp\u00e4tet sich&#8216;- Wir fragen uns wie und wo. Der Zimmerbezug ist schnell erledigt. Ob<\/p><p class=\"wp-block-post-excerpt__more-text\"><a class=\"wp-block-post-excerpt__more-link\" href=\"https:\/\/konfettifaeger.ch\/?p=2548\">weiterlesen<\/a><\/p><\/div><\/div>\n<\/div>\n<\/div>\n\n<\/li><li class=\"wp-block-post post-2455 post type-post status-publish format-standard hentry category-uncategorized\">\n\n<div class=\"wp-block-group has-two-background-color has-background is-content-justification-left is-layout-constrained wp-container-core-group-is-layout-d135f6ce wp-block-group-is-layout-constrained\" style=\"margin-top:var(--wp--preset--spacing--40);margin-bottom:var(--wp--preset--spacing--40);padding-top:0;padding-right:0;padding-bottom:0;padding-left:0\">\n<div class=\"wp-block-group is-vertical is-layout-flex wp-container-core-group-is-layout-c9d65fe9 wp-block-group-is-layout-flex\" style=\"margin-top:0;padding-top:var(--wp--preset--spacing--60);padding-right:var(--wp--preset--spacing--50);padding-bottom:var(--wp--preset--spacing--50);padding-left:var(--wp--preset--spacing--50)\"><div style=\"font-size:clamp(0.875rem, 0.875rem + ((1vw - 0.2rem) * 0.015), 0.9rem);letter-spacing:1px; margin-top:0;margin-right:0;margin-bottom:0;margin-left:0;\" class=\"has-text-align-left has-link-color wp-elements-5599b62b56904c5408ce764ba1a18b73 wp-block-post-date has-text-color has-contrast-color\"><time datetime=\"2025-05-01T21:37:10+00:00\">5\/1\/2025<\/time><\/div>\n\n\n<div class=\"wp-block-group is-layout-constrained wp-block-group-is-layout-constrained\" style=\"margin-top:0;margin-bottom:0\"><h2 style=\"font-size:clamp(2.46rem, 2.46rem + ((1vw - 0.2rem) * 1.278), 4.6rem);font-style:normal;font-weight:600;line-height:1;\" class=\"has-link-color wp-elements-6c63676d444148112043a3d23d59cf70 wp-block-post-title has-text-color has-contrast-color\"><a href=\"https:\/\/konfettifaeger.ch\/?p=2455\" target=\"_self\" >HV- Wer wird&#8217;s dieses Jahr?<\/a><\/h2>\n\n<div style=\"line-height:1.7;\" class=\"has-link-color wp-elements-fd7a26a9b69ac5093edbd7d3a622f582 wp-block-post-excerpt has-small-font-size\"><p class=\"wp-block-post-excerpt__excerpt\">Gut gelaunt treffen wir uns heute Abend im R\u00f6ssli. W\u00e4hrend der Putz von der Gew\u00f6lbedecke rieselt geniessen wir noch einmal Nati&#8217;s Kochk\u00fcnste und st\u00e4rken uns so f\u00fcr den Abend der Wahrheit. Noch eine Pinkelpause, dann ist es halb Neun, wir starten mit dem offiziellen Teil. Begr\u00fcssung , Stimmenz\u00e4hler, Rechnung, Gw\u00e4ndli&#8230; es besteht kein Grund zur<\/p><p class=\"wp-block-post-excerpt__more-text\"><a class=\"wp-block-post-excerpt__more-link\" href=\"https:\/\/konfettifaeger.ch\/?p=2455\">weiterlesen<\/a><\/p><\/div><\/div>\n<\/div>\n<\/div>\n\n<\/li><li class=\"wp-block-post post-2443 post type-post status-publish format-standard hentry category-uncategorized\">\n\n<div class=\"wp-block-group has-two-background-color has-background is-content-justification-left is-layout-constrained wp-container-core-group-is-layout-d135f6ce wp-block-group-is-layout-constrained\" style=\"margin-top:var(--wp--preset--spacing--40);margin-bottom:var(--wp--preset--spacing--40);padding-top:0;padding-right:0;padding-bottom:0;padding-left:0\">\n<div class=\"wp-block-group is-vertical is-layout-flex wp-container-core-group-is-layout-c9d65fe9 wp-block-group-is-layout-flex\" style=\"margin-top:0;padding-top:var(--wp--preset--spacing--60);padding-right:var(--wp--preset--spacing--50);padding-bottom:var(--wp--preset--spacing--50);padding-left:var(--wp--preset--spacing--50)\"><div style=\"font-size:clamp(0.875rem, 0.875rem + ((1vw - 0.2rem) * 0.015), 0.9rem);letter-spacing:1px; margin-top:0;margin-right:0;margin-bottom:0;margin-left:0;\" class=\"has-text-align-left has-link-color wp-elements-5599b62b56904c5408ce764ba1a18b73 wp-block-post-date has-text-color has-contrast-color\"><time datetime=\"2025-03-02T19:58:29+00:00\">3\/2\/2025<\/time><\/div>\n\n\n<div class=\"wp-block-group is-layout-constrained wp-block-group-is-layout-constrained\" style=\"margin-top:0;margin-bottom:0\"><h2 style=\"font-size:clamp(2.46rem, 2.46rem + ((1vw - 0.2rem) * 1.278), 4.6rem);font-style:normal;font-weight:600;line-height:1;\" class=\"has-link-color wp-elements-6c63676d444148112043a3d23d59cf70 wp-block-post-title has-text-color has-contrast-color\"><a href=\"https:\/\/konfettifaeger.ch\/?p=2443\" target=\"_self\" >Sonniger Abschluss<\/a><\/h2>\n\n<div style=\"line-height:1.7;\" class=\"has-link-color wp-elements-fd7a26a9b69ac5093edbd7d3a622f582 wp-block-post-excerpt has-small-font-size\"><p class=\"wp-block-post-excerpt__excerpt\">Zum letzten Mal treffen wir uns heute zum schminken, wir nehmen am Wiler Umzug teil. Bevor wir aufbrechen, spielen wir Ursula ein St\u00e4ndchen. Ursula ist Gr\u00fcndungsmitglied, wohnt gleich Nebenan und wird heute 70zig! HAPPY BIRTHDAY auch von uns! In Wil angekommen verschwinden wir noch in der Linde, und machen es uns dann in der Sonne<\/p><p class=\"wp-block-post-excerpt__more-text\"><a class=\"wp-block-post-excerpt__more-link\" href=\"https:\/\/konfettifaeger.ch\/?p=2443\">weiterlesen<\/a><\/p><\/div><\/div>\n<\/div>\n<\/div>\n\n<\/li><li class=\"wp-block-post post-2432 post type-post status-publish format-standard hentry category-uncategorized\">\n\n<div class=\"wp-block-group has-two-background-color has-background is-content-justification-left is-layout-constrained wp-container-core-group-is-layout-d135f6ce wp-block-group-is-layout-constrained\" style=\"margin-top:var(--wp--preset--spacing--40);margin-bottom:var(--wp--preset--spacing--40);padding-top:0;padding-right:0;padding-bottom:0;padding-left:0\">\n<div class=\"wp-block-group is-vertical is-layout-flex wp-container-core-group-is-layout-c9d65fe9 wp-block-group-is-layout-flex\" style=\"margin-top:0;padding-top:var(--wp--preset--spacing--60);padding-right:var(--wp--preset--spacing--50);padding-bottom:var(--wp--preset--spacing--50);padding-left:var(--wp--preset--spacing--50)\"><div style=\"font-size:clamp(0.875rem, 0.875rem + ((1vw - 0.2rem) * 0.015), 0.9rem);letter-spacing:1px; margin-top:0;margin-right:0;margin-bottom:0;margin-left:0;\" class=\"has-text-align-left has-link-color wp-elements-5599b62b56904c5408ce764ba1a18b73 wp-block-post-date has-text-color has-contrast-color\"><time datetime=\"2025-03-02T01:44:33+00:00\">3\/2\/2025<\/time><\/div>\n\n\n<div class=\"wp-block-group is-layout-constrained wp-block-group-is-layout-constrained\" style=\"margin-top:0;margin-bottom:0\"><h2 style=\"font-size:clamp(2.46rem, 2.46rem + ((1vw - 0.2rem) * 1.278), 4.6rem);font-style:normal;font-weight:600;line-height:1;\" class=\"has-link-color wp-elements-6c63676d444148112043a3d23d59cf70 wp-block-post-title has-text-color has-contrast-color\"><a href=\"https:\/\/konfettifaeger.ch\/?p=2432\" target=\"_self\" >Fasnacht@schwarzenbach<\/a><\/h2>\n\n<div style=\"line-height:1.7;\" class=\"has-link-color wp-elements-fd7a26a9b69ac5093edbd7d3a622f582 wp-block-post-excerpt has-small-font-size\"><p class=\"wp-block-post-excerpt__excerpt\">Die Schminkcrew ist heute schon fr\u00fch im Einsatz. Bevor um 12 Uhr die Gugger eintrudeln werden rund 30 M\u00e4nnerriegler und M\u00e4nnerriegefans geschminkt. Es ist Umz\u00fcgli in Schwarzenbach. 13 Nummern, Umzugsdisdanz: 4 Lieder lang. Wir schminken und verpflegen uns, um 14.30 Uhr laufen wir los zum Umzugsstart. Praktisch. Der Umzug verl\u00e4uft reibungslos, wir nisten uns danach<\/p><p class=\"wp-block-post-excerpt__more-text\"><a class=\"wp-block-post-excerpt__more-link\" href=\"https:\/\/konfettifaeger.ch\/?p=2432\">weiterlesen<\/a><\/p><\/div><\/div>\n<\/div>\n<\/div>\n\n<\/li><li class=\"wp-block-post post-2423 post type-post status-publish format-standard hentry category-uncategorized\">\n\n<div class=\"wp-block-group has-two-background-color has-background is-content-justification-left is-layout-constrained wp-container-core-group-is-layout-d135f6ce wp-block-group-is-layout-constrained\" style=\"margin-top:var(--wp--preset--spacing--40);margin-bottom:var(--wp--preset--spacing--40);padding-top:0;padding-right:0;padding-bottom:0;padding-left:0\">\n<div class=\"wp-block-group is-vertical is-layout-flex wp-container-core-group-is-layout-c9d65fe9 wp-block-group-is-layout-flex\" style=\"margin-top:0;padding-top:var(--wp--preset--spacing--60);padding-right:var(--wp--preset--spacing--50);padding-bottom:var(--wp--preset--spacing--50);padding-left:var(--wp--preset--spacing--50)\"><div style=\"font-size:clamp(0.875rem, 0.875rem + ((1vw - 0.2rem) * 0.015), 0.9rem);letter-spacing:1px; margin-top:0;margin-right:0;margin-bottom:0;margin-left:0;\" class=\"has-text-align-left has-link-color wp-elements-5599b62b56904c5408ce764ba1a18b73 wp-block-post-date has-text-color has-contrast-color\"><time datetime=\"2025-03-01T03:26:24+00:00\">3\/1\/2025<\/time><\/div>\n\n\n<div class=\"wp-block-group is-layout-constrained wp-block-group-is-layout-constrained\" style=\"margin-top:0;margin-bottom:0\"><h2 style=\"font-size:clamp(2.46rem, 2.46rem + ((1vw - 0.2rem) * 1.278), 4.6rem);font-style:normal;font-weight:600;line-height:1;\" class=\"has-link-color wp-elements-6c63676d444148112043a3d23d59cf70 wp-block-post-title has-text-color has-contrast-color\"><a href=\"https:\/\/konfettifaeger.ch\/?p=2423\" target=\"_self\" >Ups&#8230; ein Missgeschick<\/a><\/h2>\n\n<div style=\"line-height:1.7;\" class=\"has-link-color wp-elements-fd7a26a9b69ac5093edbd7d3a622f582 wp-block-post-excerpt has-small-font-size\"><p class=\"wp-block-post-excerpt__excerpt\">Ja, heute ist es soweit. Die Guggenluuserliste f\u00fcllt sich. Eigentlich ist heute ein ganz normaler Fasnachtsfreitag. Wir schminken, verpflegen, brechen auf. Sirnach ist heute unser Zielort. 2 Auftritte, einer auf der TKB- Treppe, einer im Zelt. Wir besammeln uns p\u00fcnktlich, sehen zu wie 2 K\u00fche zur\u00fcck zum Anh\u00e4nger eilen. Ups, ein Missgeschick. Mundst\u00fccke im Koffer<\/p><p class=\"wp-block-post-excerpt__more-text\"><a class=\"wp-block-post-excerpt__more-link\" href=\"https:\/\/konfettifaeger.ch\/?p=2423\">weiterlesen<\/a><\/p><\/div><\/div>\n<\/div>\n<\/div>\n\n<\/li><li class=\"wp-block-post post-2415 post type-post status-publish format-standard hentry category-uncategorized\">\n\n<div class=\"wp-block-group has-two-background-color has-background is-content-justification-left is-layout-constrained wp-container-core-group-is-layout-d135f6ce wp-block-group-is-layout-constrained\" style=\"margin-top:var(--wp--preset--spacing--40);margin-bottom:var(--wp--preset--spacing--40);padding-top:0;padding-right:0;padding-bottom:0;padding-left:0\">\n<div class=\"wp-block-group is-vertical is-layout-flex wp-container-core-group-is-layout-c9d65fe9 wp-block-group-is-layout-flex\" style=\"margin-top:0;padding-top:var(--wp--preset--spacing--60);padding-right:var(--wp--preset--spacing--50);padding-bottom:var(--wp--preset--spacing--50);padding-left:var(--wp--preset--spacing--50)\"><div style=\"font-size:clamp(0.875rem, 0.875rem + ((1vw - 0.2rem) * 0.015), 0.9rem);letter-spacing:1px; margin-top:0;margin-right:0;margin-bottom:0;margin-left:0;\" class=\"has-text-align-left has-link-color wp-elements-5599b62b56904c5408ce764ba1a18b73 wp-block-post-date has-text-color has-contrast-color\"><time datetime=\"2025-02-26T23:54:54+00:00\">2\/26\/2025<\/time><\/div>\n\n\n<div class=\"wp-block-group is-layout-constrained wp-block-group-is-layout-constrained\" style=\"margin-top:0;margin-bottom:0\"><h2 style=\"font-size:clamp(2.46rem, 2.46rem + ((1vw - 0.2rem) * 1.278), 4.6rem);font-style:normal;font-weight:600;line-height:1;\" class=\"has-link-color wp-elements-6c63676d444148112043a3d23d59cf70 wp-block-post-title has-text-color has-contrast-color\"><a href=\"https:\/\/konfettifaeger.ch\/?p=2415\" target=\"_self\" >Auf los gehts los.<\/a><\/h2>\n\n<div style=\"line-height:1.7;\" class=\"has-link-color wp-elements-fd7a26a9b69ac5093edbd7d3a622f582 wp-block-post-excerpt has-small-font-size\"><p class=\"wp-block-post-excerpt__excerpt\">G\u00fcmpelimittwoch, wir sind wieder am Start. Geschminkt und gest\u00e4rkt machen wir uns auf, p\u00fcnktlich zur T\u00fcr\u00f6ffnung stehen wir bei den Hexen auf der Matte. Lautstark nehmen wir die ankommenden G\u00e4ste in Empfang. Wir sind nach diesem Auftritt gut warmgespielt, nach einem Umtrunk ziehen wir auch schon weiter in Richtung Wil. Dank den Parkplatzbewachern ist &#8218;unser&#8216;<\/p><p class=\"wp-block-post-excerpt__more-text\"><a class=\"wp-block-post-excerpt__more-link\" href=\"https:\/\/konfettifaeger.ch\/?p=2415\">weiterlesen<\/a><\/p><\/div><\/div>\n<\/div>\n<\/div>\n\n<\/li><li class=\"wp-block-post post-2392 post type-post status-publish format-standard hentry category-uncategorized\">\n\n<div class=\"wp-block-group has-two-background-color has-background is-content-justification-left is-layout-constrained wp-container-core-group-is-layout-d135f6ce wp-block-group-is-layout-constrained\" style=\"margin-top:var(--wp--preset--spacing--40);margin-bottom:var(--wp--preset--spacing--40);padding-top:0;padding-right:0;padding-bottom:0;padding-left:0\">\n<div class=\"wp-block-group is-vertical is-layout-flex wp-container-core-group-is-layout-c9d65fe9 wp-block-group-is-layout-flex\" style=\"margin-top:0;padding-top:var(--wp--preset--spacing--60);padding-right:var(--wp--preset--spacing--50);padding-bottom:var(--wp--preset--spacing--50);padding-left:var(--wp--preset--spacing--50)\"><div style=\"font-size:clamp(0.875rem, 0.875rem + ((1vw - 0.2rem) * 0.015), 0.9rem);letter-spacing:1px; margin-top:0;margin-right:0;margin-bottom:0;margin-left:0;\" class=\"has-text-align-left has-link-color wp-elements-5599b62b56904c5408ce764ba1a18b73 wp-block-post-date has-text-color has-contrast-color\"><time datetime=\"2025-02-23T07:57:43+00:00\">2\/23\/2025<\/time><\/div>\n\n\n<div class=\"wp-block-group is-layout-constrained wp-block-group-is-layout-constrained\" style=\"margin-top:0;margin-bottom:0\"><h2 style=\"font-size:clamp(2.46rem, 2.46rem + ((1vw - 0.2rem) * 1.278), 4.6rem);font-style:normal;font-weight:600;line-height:1;\" class=\"has-link-color wp-elements-6c63676d444148112043a3d23d59cf70 wp-block-post-title has-text-color has-contrast-color\"><a href=\"https:\/\/konfettifaeger.ch\/?p=2392\" target=\"_self\" >Lenggenwilsunntig<\/a><\/h2>\n\n<div style=\"line-height:1.7;\" class=\"has-link-color wp-elements-fd7a26a9b69ac5093edbd7d3a622f582 wp-block-post-excerpt has-small-font-size\"><p class=\"wp-block-post-excerpt__excerpt\">Schminken und st\u00e4rken, heute sind wir wieder eine richtig grosse Herde. Nach Lenggenwil zieht es nicht nur xtausend Zuschauer, auch unsere Jungtiere kommen heute wieder zahlreich mit. Weil wir alte Lenggenwil- Hasen sind brechen wir zeitig auf, wer zu sp\u00e4t kommt muss weeeeeit laufen. Daf\u00fcr haben wir so Zeit entspannt zu verpflegen und Kontakte zu<\/p><p class=\"wp-block-post-excerpt__more-text\"><a class=\"wp-block-post-excerpt__more-link\" href=\"https:\/\/konfettifaeger.ch\/?p=2392\">weiterlesen<\/a><\/p><\/div><\/div>\n<\/div>\n<\/div>\n\n<\/li><li class=\"wp-block-post post-2385 post type-post status-publish format-standard hentry category-uncategorized\">\n\n<div class=\"wp-block-group has-two-background-color has-background is-content-justification-left is-layout-constrained wp-container-core-group-is-layout-d135f6ce wp-block-group-is-layout-constrained\" style=\"margin-top:var(--wp--preset--spacing--40);margin-bottom:var(--wp--preset--spacing--40);padding-top:0;padding-right:0;padding-bottom:0;padding-left:0\">\n<div class=\"wp-block-group is-vertical is-layout-flex wp-container-core-group-is-layout-c9d65fe9 wp-block-group-is-layout-flex\" style=\"margin-top:0;padding-top:var(--wp--preset--spacing--60);padding-right:var(--wp--preset--spacing--50);padding-bottom:var(--wp--preset--spacing--50);padding-left:var(--wp--preset--spacing--50)\"><div style=\"font-size:clamp(0.875rem, 0.875rem + ((1vw - 0.2rem) * 0.015), 0.9rem);letter-spacing:1px; margin-top:0;margin-right:0;margin-bottom:0;margin-left:0;\" class=\"has-text-align-left has-link-color wp-elements-5599b62b56904c5408ce764ba1a18b73 wp-block-post-date has-text-color has-contrast-color\"><time datetime=\"2025-02-23T07:51:31+00:00\">2\/23\/2025<\/time><\/div>\n\n\n<div class=\"wp-block-group is-layout-constrained wp-block-group-is-layout-constrained\" style=\"margin-top:0;margin-bottom:0\"><h2 style=\"font-size:clamp(2.46rem, 2.46rem + ((1vw - 0.2rem) * 1.278), 4.6rem);font-style:normal;font-weight:600;line-height:1;\" class=\"has-link-color wp-elements-6c63676d444148112043a3d23d59cf70 wp-block-post-title has-text-color has-contrast-color\"><a href=\"https:\/\/konfettifaeger.ch\/?p=2385\" target=\"_self\" >Luutere B\u00f6lle und denn ab id Stadt<\/a><\/h2>\n\n<div style=\"line-height:1.7;\" class=\"has-link-color wp-elements-fd7a26a9b69ac5093edbd7d3a622f582 wp-block-post-excerpt has-small-font-size\"><p class=\"wp-block-post-excerpt__excerpt\">Schminken, st\u00e4rken und dann ab in den Car, Wildhaus ist unser erstes Tagesziel. Die Sonne und die sch\u00f6ne Bergwelt lassen uns aufbl\u00fchen. Nur die jungen Hasen wirken noch ein wenig m\u00fcde&#8230; haben sie vergangene Nacht nur kurze Zeit in ihrem Bau verbracht? Ein gem\u00fctlich- entspanntes Guggenfestli haben die Luutere auf die Beine gestellt. Wir verbringen<\/p><p class=\"wp-block-post-excerpt__more-text\"><a class=\"wp-block-post-excerpt__more-link\" href=\"https:\/\/konfettifaeger.ch\/?p=2385\">weiterlesen<\/a><\/p><\/div><\/div>\n<\/div>\n<\/div>\n\n<\/li><\/ul><\/div>\n\n\n\n<div class=\"wp-block-group is-content-justification-left is-layout-constrained wp-container-core-group-is-layout-9821ac42 wp-block-group-is-layout-constrained\" style=\"margin-top:0;margin-bottom:0;padding-top:0;padding-right:var(--wp--preset--spacing--40);padding-bottom:var(--wp--preset--spacing--40);padding-left:var(--wp--preset--spacing--40)\"><nav class=\"wp-block-query-pagination is-content-justification-left is-nowrap is-layout-flex wp-container-core-query-pagination-is-layout-fc9f69e7 wp-block-query-pagination-is-layout-flex\" aria-label=\"Seitennummerierung\">\n\n\n<a href=\"\/index.php?rest_route=%2Fwp%2Fv2%2Fpages%2F1985&#038;query-31-page=2\" style=\"font-size:clamp(0.875rem, 0.875rem + ((1vw - 0.2rem) * 0.015), 0.9rem);text-transform:uppercase;letter-spacing:1px;\" class=\"wp-elements-165a8aa96a7546446f11c5f70728c230 wp-block-query-pagination-next\">N\u00e4chste Seite<\/a>\n<\/nav><\/div>\n<\/div>\n","protected":false},"excerpt":{"rendered":"","protected":false},"author":2,"featured_media":0,"parent":0,"menu_order":0,"comment_status":"closed","ping_status":"closed","template":"","meta":{"pgc_sgb_lightbox_settings":"","footnotes":""},"class_list":["post-1985","page","type-page","status-publish","hentry"],"_links":{"self":[{"href":"https:\/\/konfettifaeger.ch\/index.php?rest_route=\/wp\/v2\/pages\/1985","targetHints":{"allow":["GET"]}}],"collection":[{"href":"https:\/\/konfettifaeger.ch\/index.php?rest_route=\/wp\/v2\/pages"}],"about":[{"href":"https:\/\/konfettifaeger.ch\/index.php?rest_route=\/wp\/v2\/types\/page"}],"author":[{"embeddable":true,"href":"https:\/\/konfettifaeger.ch\/index.php?rest_route=\/wp\/v2\/users\/2"}],"replies":[{"embeddable":true,"href":"https:\/\/konfettifaeger.ch\/index.php?rest_route=%2Fwp%2Fv2%2Fcomments&post=1985"}],"version-history":[{"count":6,"href":"https:\/\/konfettifaeger.ch\/index.php?rest_route=\/wp\/v2\/pages\/1985\/revisions"}],"predecessor-version":[{"id":1995,"href":"https:\/\/konfettifaeger.ch\/index.php?rest_route=\/wp\/v2\/pages\/1985\/revisions\/1995"}],"wp:attachment":[{"href":"https:\/\/konfettifaeger.ch\/index.php?rest_route=%2Fwp%2Fv2%2Fmedia&parent=1985"}],"curies":[{"name":"wp","href":"https:\/\/api.w.org\/{rel}","templated":true}]}}